{"id":63,"date":"2015-02-11T16:46:32","date_gmt":"2015-02-11T16:46:32","guid":{"rendered":"http:\/\/rainer-rubbert.de\/wordpress\/?page_id=63"},"modified":"2020-10-09T14:54:53","modified_gmt":"2020-10-09T14:54:53","slug":"theater-und-filmmusik","status":"publish","type":"page","link":"https:\/\/rainer-rubbert.de\/wordpress\/theater-und-filmmusik\/","title":{"rendered":"Theater, Film &#038; Songs"},"content":{"rendered":"<p><a href=\"http:\/\/rainer-rubbert.de\/wordpress\/wp-content\/uploads\/2015\/02\/A.png\"><img loading=\"lazy\" decoding=\"async\" class=\"alignnone wp-image-396\" src=\"http:\/\/rainer-rubbert.de\/wordpress\/wp-content\/uploads\/2015\/02\/A.png\" alt=\"A\" width=\"18\" height=\"18\" \/><\/a> = Audio<\/p>\n<p>&nbsp;<\/p>\n<h3>Filmmusik:<\/h3>\n<p><strong>1981<\/strong>\u00a0 \u00a0 \u00a0\u00a0<strong>Signets in Square<\/strong> (DFFB)<\/p>\n<p><strong>1984 \u00a0 \u00a0 \u00a0Au\u00dfenposten<\/strong> (Harmut Fittkau\/DFFB) <em>Verlag Ries &amp; Erler<\/em><\/p>\n<p><iframe loading=\"lazy\" title=\"Hartmut Fittkau: Au\u00dfenposten\" width=\"604\" height=\"340\" src=\"https:\/\/www.youtube.com\/embed\/Pq6ZBWTHSRo?feature=oembed\" frameborder=\"0\" allow=\"accelerometer; autoplay; clipboard-write; encrypted-media; gyroscope; picture-in-picture; web-share\" referrerpolicy=\"strict-origin-when-cross-origin\" allowfullscreen><\/iframe><\/p>\n<p><strong><br \/>\n1987 \u00a0 \u00a0 \u00a0Anita &#8211; T\u00e4nze des Lasters<\/strong> (Rosa von Praunheim)<\/p>\n<p><strong>1996 \u00a0 \u00a0 \u00a0Erh\u00f6hte Waldbrandgefahr<\/strong> (Matthias Zschokke\/ R-Film)<\/p>\n<p><iframe loading=\"lazy\" title=\"Ausschnitte aus: &quot;Erh\u00f6hte Waldbrandgefahr&quot; von Matthias Zschokke | Musik: Rainer Rubbert\" width=\"604\" height=\"340\" src=\"https:\/\/www.youtube.com\/embed\/16ALPTIqpmU?feature=oembed\" frameborder=\"0\" allow=\"accelerometer; autoplay; clipboard-write; encrypted-media; gyroscope; picture-in-picture; web-share\" referrerpolicy=\"strict-origin-when-cross-origin\" allowfullscreen><\/iframe><\/p>\n<p><strong>2003<\/strong>\u00a0 \u00a0 \u00a0\u00a0<strong>L<\/strong><strong>ange Kerls<\/strong> (Tim Jaeger, Olaf Gutowski)<\/p>\n<h3>Theatermusik:<\/h3>\n<p><strong>Musik f\u00fcr folgende Kinderst\u00fccke von<br \/>\n<\/strong><strong>Hans Wurst Nachfahren, Theater am Winterfeldtplatz:<\/strong><\/p>\n<p><strong>1985<\/strong> Der Teufel mit den drei goldenen Haaren<br \/>\n<strong>1989<\/strong> Der gestiefelte Kater<br \/>\n<strong>1990<\/strong> Des Kaisers neue Kleider<br \/>\n<strong>1991<\/strong> Der h\u00e4ssliche Riese<br \/>\n<strong>1992<\/strong> Mia und der Krieg der T\u00f6ne<br \/>\n<strong>1993<\/strong> Der kleine Muck<br \/>\n<strong>1995<\/strong> Schneewittchen<br \/>\n<strong>1996<\/strong> Die geraubte Sch\u00f6nheit<br \/>\n<strong>1997<\/strong> Schmusetiere unter sich<br \/>\n<strong>1998<\/strong> Heinrich Hund, der Vagabund<br \/>\n<strong>1999<\/strong> Das kalte Herz<br \/>\n<strong>1999<\/strong> Das tapfere Schneiderlein<br \/>\n<strong>2003<\/strong> Die Salzprinzessin<br \/>\n<strong>2005<\/strong> Die Bremer Stadtmusikanten<br \/>\n<em>\u00a0 \u00a0 \u00a0 \u00a0 \u00a0 \u00a0 \u00a0 \u00a0Lied des Esels\u00a0<a href=\"https:\/\/dl.dropbox.com\/s\/j919449q2mo704c\/01%20Lied%20des%20Esels.mp3\"><img loading=\"lazy\" decoding=\"async\" class=\"alignnone wp-image-396\" src=\"http:\/\/rainer-rubbert.de\/wordpress\/wp-content\/uploads\/2015\/02\/A.png\" alt=\"A\" width=\"18\" height=\"18\" \/><\/a><\/em><br \/>\n<em>\u00a0 \u00a0 \u00a0 \u00a0 \u00a0 \u00a0 \u00a0 \u00a0Lied des Hundes\u00a0<a href=\"https:\/\/dl.dropbox.com\/s\/s9ndobyn9sxnqu9\/02%20Lied%20des%20Hundes.mp3\"><img loading=\"lazy\" decoding=\"async\" class=\"alignnone wp-image-396\" src=\"http:\/\/rainer-rubbert.de\/wordpress\/wp-content\/uploads\/2015\/02\/A.png\" alt=\"A\" width=\"18\" height=\"18\" \/><\/a><\/em><br \/>\n<em>\u00a0 \u00a0 \u00a0 \u00a0 \u00a0 \u00a0 \u00a0 \u00a0Lied der Katze\u00a0<a href=\"https:\/\/dl.dropbox.com\/s\/3q44h7i5m0ddfbc\/03%20Lied%20der%20Katze.mp3\"><img loading=\"lazy\" decoding=\"async\" class=\"alignnone wp-image-396\" src=\"http:\/\/rainer-rubbert.de\/wordpress\/wp-content\/uploads\/2015\/02\/A.png\" alt=\"A\" width=\"18\" height=\"18\" \/><\/a><\/em><br \/>\n<em>\u00a0 \u00a0 \u00a0 \u00a0 \u00a0 \u00a0 \u00a0 \u00a0Lied des Hahns\u00a0<a href=\"https:\/\/dl.dropbox.com\/s\/klr9zgwlldpf39q\/04%20Lied%20des%20Hahns.mp3\"><img loading=\"lazy\" decoding=\"async\" class=\"alignnone wp-image-396\" src=\"http:\/\/rainer-rubbert.de\/wordpress\/wp-content\/uploads\/2015\/02\/A.png\" alt=\"A\" width=\"18\" height=\"18\" \/><\/a><\/em><br \/>\n<em>\u00a0 \u00a0 \u00a0 \u00a0 \u00a0 \u00a0 \u00a0 Schlaflied\u00a0<a href=\"https:\/\/dl.dropbox.com\/s\/fdzy5385fhdnm9b\/06%20Schlaflied.mp3\"><img loading=\"lazy\" decoding=\"async\" class=\"alignnone wp-image-396\" src=\"http:\/\/rainer-rubbert.de\/wordpress\/wp-content\/uploads\/2015\/02\/A.png\" alt=\"A\" width=\"18\" height=\"18\" \/><\/a><\/em><br \/>\n<em>\u00a0 \u00a0 \u00a0 \u00a0 \u00a0 \u00a0 \u00a0 Waldmusikanten\u00a0<a href=\"https:\/\/dl.dropbox.com\/s\/kf0n75xjv7gkmtu\/12%20Waldmusikanten.mp3\"><img loading=\"lazy\" decoding=\"async\" class=\"alignnone wp-image-396\" src=\"http:\/\/rainer-rubbert.de\/wordpress\/wp-content\/uploads\/2015\/02\/A.png\" alt=\"A\" width=\"18\" height=\"18\" \/><\/a><\/em><\/p>\n<p>&nbsp;<\/p>\n<p><strong>Theatermusiken f\u00fcr Erwachsenenst\u00fccke von<\/strong><br \/>\n<strong> Hans Wurst Nachfahren, Theater am Winterfeldtplatz:<br \/>\n<\/strong><br \/>\n<strong>1988<\/strong> Tschechow &#8211; groteske Einakter<br \/>\n<strong>1995<\/strong> Der Ball des Todes (Berliner Festwochen)<\/p>\n<p><strong><br \/>\nTheatermusiken f\u00fcr St\u00fccke von Matthias Zschokke:<br \/>\n<\/strong><br \/>\n<strong>1990<\/strong> Brut (Hebbel-Theater)<br \/>\n<strong>2001<\/strong> Die singende Kommissarin (Renaissance-Theater)<\/p>\n<p>&nbsp;<\/p>\n<p><strong>Alle Songs f\u00fcr die Berliner Kabarett-Ensembles:<\/strong><\/p>\n<p><strong>CaDeWe <\/strong>[Cabarett des Westens] von 1979 \u2013 1984<\/p>\n<p><strong>Die Enterbten<\/strong> von 1986 \u2013 1990<br \/>\n<em>\u00a0 \u00a0 \u00a0 \u00a0 \u00a0 \u00a0 \u00a0 \u00a0 Ist das normal \u00a0<a href=\"https:\/\/dl.dropbox.com\/s\/kg9tb781q0fjuir\/Ist%20das%20normal.mp3\"><img loading=\"lazy\" decoding=\"async\" class=\"alignnone wp-image-396\" src=\"http:\/\/rainer-rubbert.de\/wordpress\/wp-content\/uploads\/2015\/02\/A.png\" alt=\"A\" width=\"19\" height=\"19\" \/><br \/>\n<\/a><\/em><em>\u00a0 \u00a0 \u00a0 \u00a0 \u00a0 \u00a0 \u00a0 \u00a0\u00a0Du und Du \u00a0<a href=\"https:\/\/dl.dropbox.com\/s\/js4s3v3ukpdxjr7\/Du%20und%20Du.mp3\"><img loading=\"lazy\" decoding=\"async\" class=\"alignnone wp-image-396\" src=\"http:\/\/rainer-rubbert.de\/wordpress\/wp-content\/uploads\/2015\/02\/A.png\" alt=\"A\" width=\"19\" height=\"19\" \/><br \/>\n<\/a><\/em><em>\u00a0 \u00a0 \u00a0 \u00a0 \u00a0 \u00a0 \u00a0 \u00a0 Polizei-Rap \u00a0<a href=\"https:\/\/dl.dropbox.com\/s\/b6mibyum7qwt52i\/Polizei-Rap.mp3\"><img loading=\"lazy\" decoding=\"async\" class=\"alignnone wp-image-396\" src=\"http:\/\/rainer-rubbert.de\/wordpress\/wp-content\/uploads\/2015\/02\/A.png\" alt=\"A\" width=\"19\" height=\"19\" \/><br \/>\n<\/a><\/em><em>\u00a0 \u00a0 \u00a0 \u00a0 \u00a0 \u00a0 \u00a0 \u00a0 Feste feiern, bis sie fallen \u00a0<a href=\"https:\/\/dl.dropbox.com\/s\/099em1880sw76if\/Feste%20feiern%2C%20bis%20sie%20fallen.mp3\"><img loading=\"lazy\" decoding=\"async\" class=\"alignnone wp-image-396\" src=\"http:\/\/rainer-rubbert.de\/wordpress\/wp-content\/uploads\/2015\/02\/A.png\" alt=\"A\" width=\"19\" height=\"19\" \/><\/a><\/em><\/p>\n<p><strong>Chansons<\/strong> u. a. f\u00fcr Tim Fischer, Adriana Lubowa, Zazie de Paris, Thomas Pigor, Kaiser &amp; Plain<\/p>\n<p><strong>Chanson des Monats Oktober 2017 <\/strong>von Thomas Pigor und Rainer Rubbert<\/p>\n<p>https:\/\/www.youtube.com\/watch?v=9eqCRUHjejI<\/p>\n<p>&nbsp;<\/p>\n<p><strong>\u00a0<\/strong><\/p>\n<p>&nbsp;<\/p>\n<p class=\"small\"><em>Es gelten die Vorschriften des deutschen Urheberrechts in seiner jeweiligen Fassung. Alle Rechte der Urheber an den gesch\u00fctzten Werken, die auf der Website enthalten sind, bleiben vorbehalten. Ohne ausdr\u00fcckliche Genehmigung durch die GEMA darf eine weitergehende Nutzung der Werke, \u00fcber das Anh\u00f6ren der eingestellten Musikwerke hinaus, nicht erfolgen.<\/em><\/p>\n","protected":false},"excerpt":{"rendered":"<p>= Audio &nbsp; Filmmusik: 1981\u00a0 \u00a0 \u00a0\u00a0Signets in Square (DFFB) 1984 \u00a0 \u00a0 \u00a0Au\u00dfenposten (Harmut Fittkau\/DFFB) Verlag Ries &amp; Erler 1987 \u00a0 \u00a0 \u00a0Anita &#8211; T\u00e4nze des Lasters (Rosa von Praunheim) 1996 \u00a0 \u00a0 \u00a0Erh\u00f6hte Waldbrandgefahr (Matthias Zschokke\/ R-Film) 2003\u00a0 \u00a0 \u00a0\u00a0Lange Kerls (Tim Jaeger, Olaf Gutowski) Theatermusik: Musik f\u00fcr folgende Kinderst\u00fccke von Hans Wurst &hellip; <a href=\"https:\/\/rainer-rubbert.de\/wordpress\/theater-und-filmmusik\/\" class=\"more-link\"><span class=\"screen-reader-text\">Theater, Film &#038; Songs<\/span> weiterlesen <span class=\"meta-nav\">&rarr;<\/span><\/a><\/p>\n","protected":false},"author":1,"featured_media":0,"parent":0,"menu_order":0,"comment_status":"closed","ping_status":"open","template":"","meta":{"footnotes":""},"_links":{"self":[{"href":"https:\/\/rainer-rubbert.de\/wordpress\/wp-json\/wp\/v2\/pages\/63"}],"collection":[{"href":"https:\/\/rainer-rubbert.de\/wordpress\/wp-json\/wp\/v2\/pages"}],"about":[{"href":"https:\/\/rainer-rubbert.de\/wordpress\/wp-json\/wp\/v2\/types\/page"}],"author":[{"embeddable":true,"href":"https:\/\/rainer-rubbert.de\/wordpress\/wp-json\/wp\/v2\/users\/1"}],"replies":[{"embeddable":true,"href":"https:\/\/rainer-rubbert.de\/wordpress\/wp-json\/wp\/v2\/comments?post=63"}],"version-history":[{"count":32,"href":"https:\/\/rainer-rubbert.de\/wordpress\/wp-json\/wp\/v2\/pages\/63\/revisions"}],"predecessor-version":[{"id":1924,"href":"https:\/\/rainer-rubbert.de\/wordpress\/wp-json\/wp\/v2\/pages\/63\/revisions\/1924"}],"wp:attachment":[{"href":"https:\/\/rainer-rubbert.de\/wordpress\/wp-json\/wp\/v2\/media?parent=63"}],"curies":[{"name":"wp","href":"https:\/\/api.w.org\/{rel}","templated":true}]}}