{"id":45,"date":"2015-02-11T15:29:40","date_gmt":"2015-02-11T15:29:40","guid":{"rendered":"http:\/\/rainer-rubbert.de\/wordpress\/?page_id=45"},"modified":"2020-03-28T13:19:35","modified_gmt":"2020-03-28T13:19:35","slug":"oper","status":"publish","type":"page","link":"https:\/\/rainer-rubbert.de\/wordpress\/oper\/","title":{"rendered":"Oper"},"content":{"rendered":"<figure id=\"attachment_46\" aria-describedby=\"caption-attachment-46\" style=\"width: 200px\" class=\"wp-caption alignright\"><a href=\"http:\/\/rainer-rubbert.de\/wordpress\/wp-content\/uploads\/2015\/02\/tl_rr.jpg\"><img loading=\"lazy\" decoding=\"async\" class=\"wp-image-46 size-full\" src=\"http:\/\/rainer-rubbert.de\/wordpress\/wp-content\/uploads\/2015\/02\/tl_rr.jpg\" alt=\"Rainer Rubbert und Tanja Langer\" width=\"200\" height=\"199\" srcset=\"https:\/\/rainer-rubbert.de\/wordpress\/wp-content\/uploads\/2015\/02\/tl_rr.jpg 200w, https:\/\/rainer-rubbert.de\/wordpress\/wp-content\/uploads\/2015\/02\/tl_rr-150x150.jpg 150w\" sizes=\"(max-width: 200px) 100vw, 200px\" \/><\/a><figcaption id=\"caption-attachment-46\" class=\"wp-caption-text\">Rubbert \u00a0 \u00a0 \u00a0 \u00a0 \u00a0 \u00a0 \u00a0Langer<\/figcaption><\/figure>\n<p>In den Jahre 2006 bis 2008 hatte ich das Gl\u00fcck, meine erste gro\u00dfe Oper <strong>Kleist<\/strong> schreiben zu d\u00fcrfen. Als Auftrag des Brandenburger Theaters, bzw. seines Intendanten Christian Kneisel hatte ich v\u00f6llige Freiheit, was den Stoff betraf. Einzige Bedingung war, dass sie mit Heinrich von Kleist zu tun haben sollte.<br \/>\nIch hatte nicht vor, eines seiner Dramen &#8211; ein weiteres Mal \u2013 zu vertonen, sondern wollte ihn selbst als an seiner Zeit leidenden K\u00fcnstler, als K\u00e4mpfenden und Liebenden zeigen.<br \/>\nIch hatte gleichfalls das Gl\u00fcck, die Schriftstellerin <strong>Tanja Langer<\/strong> kennenzulernen, mit der gemeinsam ich die Oper erarbeitete und die mit ihrem wunderbaren Libretto Kleists Leben, Lieben und Leiden aus seiner Zeit ins Heute wendete.<\/p>\n<p>Die Urauff\u00fchrung fand am 22. M\u00e4rz 2008 im Brandenburger Theater statt.<\/p>\n<p><strong>\u00a0 \u00a0 \u00a0 \u00a0 \u00a0 \u00a0 \u00a0 \u00a0 \u00a0 \u00a0 \u00a0 \u00a0 \u00a0Meine Operninitiation:\u00a0<\/strong>\u00a0<a title=\"Operninitiation\" href=\"http:\/\/rainer-rubbert.de\/wordpress\/oper\/operninitiation\/\"><img loading=\"lazy\" decoding=\"async\" class=\"alignnone wp-image-397\" src=\"http:\/\/rainer-rubbert.de\/wordpress\/wp-content\/uploads\/2015\/02\/T.png\" alt=\"T\" width=\"18\" height=\"18\" \/><\/a><\/p>\n<p><strong>Kleist Oper<\/strong><\/p>\n<p><strong>Rainer Rubbert<\/strong>, Musik<br \/>\n<strong>Tanja Langer<\/strong>, Libretto<\/p>\n<p>Tragikomische Oper \u00fcber den Dichter Heinrich von Kleist, der 1777 in Fankfurt\/Oder geboren wurde und sich nach einem intensiven Leben am 21.11.1811 zusammen mit Henriette Vogel am Kleinen Wannsee zu Berlin das Leben nahm. Eine Oper, die den Dichter heranholt, indem sie die Spuren und Motive seines Werkes und seines Lebens auslotet und frei verwebt. Ein sprachgewaltiger, hochsensibler Dichter, der es schwer aushielt mit der Welt und doch immer ein radikales Gegen\u00fcber suchte, einer, mit dem es die andern kaum aushielten, obwohl sie ihn liebten und brauchten.<\/p>\n<p><strong>\u00a0 \u00a0 \u00a0 \u00a0 \u00a0 \u00a0 \u00a0 \u00a0 \u00a0 \u00a0 \u00a0 \u00a0 \u00a0 Kurzinhalt der Oper:<\/strong> \u00a0<a title=\"Kurzinhalt\" href=\"http:\/\/rainer-rubbert.de\/wordpress\/oper\/kurzinhalt\/\"><img loading=\"lazy\" decoding=\"async\" class=\"alignnone wp-image-397\" src=\"http:\/\/rainer-rubbert.de\/wordpress\/wp-content\/uploads\/2015\/02\/T.png\" alt=\"T\" width=\"18\" height=\"18\" \/><\/a><\/p>\n<p><strong>Eine Oper entsteht:<\/strong>\u00a0<strong>Dokumentation des Brandenburger Theaters 2008<\/strong><\/p>\n<p><iframe loading=\"lazy\" src=\"https:\/\/www.youtube.com\/embed\/-31D3xOFXRA?rel=0\" width=\"560\" height=\"315\" frameborder=\"0\" allowfullscreen=\"allowfullscreen\"><\/iframe><\/p>\n<p>&nbsp;<\/p>\n<p><strong>Mitschnitt der Generalprobe im Brandenburger Theater<br \/>\n<\/strong><strong>\u00a0 \u00a0 \u00a0 \u00a0 \u00a0 \u00a0 \u00a0 \u00a0 \u00a0 \u00a0 \u00a0 \u00a0 \u00a0Besetzung:<\/strong> \u00a0<a title=\"Besetzung\" href=\"http:\/\/rainer-rubbert.de\/wordpress\/oper\/besetzung\/\"><img loading=\"lazy\" decoding=\"async\" class=\"alignnone wp-image-397\" src=\"http:\/\/rainer-rubbert.de\/wordpress\/wp-content\/uploads\/2015\/02\/T.png\" alt=\"T\" width=\"18\" height=\"18\" \/><br \/>\n<\/a><strong><br \/>\naus dem 1. Akt:<\/strong> <em>Stirb mit mir<\/em><\/p>\n<p><iframe loading=\"lazy\" src=\"https:\/\/www.youtube.com\/embed\/ZGHLPEhqsMc?rel=0\" width=\"560\" height=\"315\" frameborder=\"0\" allowfullscreen=\"allowfullscreen\"><\/iframe><\/p>\n<p><strong><br \/>\naus dem 2. Akt:<\/strong> <em>Die Geschichte der Marquise<\/em><\/p>\n<p><iframe loading=\"lazy\" src=\"https:\/\/www.youtube.com\/embed\/XfY7RCqPZVY?rel=0\" width=\"560\" height=\"315\" frameborder=\"0\" allowfullscreen=\"allowfullscreen\"><\/iframe><\/p>\n<p>&nbsp;<\/p>\n<p><strong>aus dem 2. Akt:<\/strong> <em>Wir sind zwei dunkle Sterne<\/em><\/p>\n<p><iframe loading=\"lazy\" src=\"https:\/\/www.youtube.com\/embed\/rO6IadpHsVw?rel=0\" width=\"560\" height=\"315\" frameborder=\"0\" allowfullscreen=\"allowfullscreen\"><\/iframe><\/p>\n<p>&nbsp;<\/p>\n<p><strong>aus dem 3. Akt:<\/strong> <em>Marquise, Penthesilea und K\u00e4thchen<\/em><\/p>\n<p><iframe loading=\"lazy\" src=\"https:\/\/www.youtube.com\/embed\/v7vppsUWIlw?rel=0\" width=\"560\" height=\"315\" frameborder=\"0\" allowfullscreen=\"allowfullscreen\"><\/iframe><\/p>\n<p>&nbsp;<\/p>\n<p><strong>aus dem 3. Akt:<\/strong> <em>Operette<\/em><\/p>\n<p><iframe loading=\"lazy\" src=\"https:\/\/www.youtube.com\/embed\/JdvcV-k0ctQ?rel=0\" width=\"560\" height=\"315\" frameborder=\"0\" allowfullscreen=\"allowfullscreen\"><\/iframe><\/p>\n<p>&nbsp;<\/p>\n<p><strong>aus dem 3. Akt:<\/strong> <em>Marquise und Maler aus Santo Domingo<\/em><\/p>\n<p><iframe loading=\"lazy\" src=\"https:\/\/www.youtube.com\/embed\/ijYm9rtwr9Y?rel=0\" width=\"560\" height=\"315\" frameborder=\"0\" allowfullscreen=\"allowfullscreen\"><\/iframe><\/p>\n<p>&nbsp;<\/p>\n<p><strong>aus dem 3. Akt:<\/strong> <em>Knie nieder, du kotgew\u00e4lzte Gestalt<\/em><\/p>\n<p><iframe loading=\"lazy\" src=\"https:\/\/www.youtube.com\/embed\/JIw4FJF8XP4?rel=0\" width=\"560\" height=\"315\" frameborder=\"0\" allowfullscreen=\"allowfullscreen\"><\/iframe><\/p>\n<p>&nbsp;<\/p>\n<p><strong>aus dem 3. Akt:<\/strong> <em>Es ist die Welt, die wir doch lieben&#8230;<\/em><\/p>\n<p><iframe loading=\"lazy\" src=\"https:\/\/www.youtube.com\/embed\/O2-1FmbmpW0?rel=0\" width=\"560\" height=\"315\" frameborder=\"0\" allowfullscreen=\"allowfullscreen\"><\/iframe><\/p>\n<p>&nbsp;<\/p>\n<p><strong>aus dem 3. Akt:<\/strong> <em>W\u00e4r ich ein Mann&#8230;.<\/em><\/p>\n<p><iframe loading=\"lazy\" src=\"https:\/\/www.youtube.com\/embed\/Og3I5Apx9Gc?rel=0\" width=\"560\" height=\"315\" frameborder=\"0\" allowfullscreen=\"allowfullscreen\"><\/iframe><\/p>\n<p>&nbsp;<\/p>\n<p><strong>aus dem 3. Akt:<\/strong> <em>Abschied Kleist, Pfuel<\/em><\/p>\n<p><iframe loading=\"lazy\" src=\"https:\/\/www.youtube.com\/embed\/hgKHlcNLeUY?rel=0\" width=\"560\" height=\"315\" frameborder=\"0\" allowfullscreen=\"allowfullscreen\"><\/iframe><\/p>\n<p>&nbsp;<\/p>\n<p><strong>aus dem 3. Akt:<\/strong> <em>Abschied Schwestern<\/em><\/p>\n<p><iframe loading=\"lazy\" src=\"https:\/\/www.youtube.com\/embed\/mMp1kbljESc?rel=0\" width=\"560\" height=\"315\" frameborder=\"0\" allowfullscreen=\"allowfullscreen\"><\/iframe><\/p>\n<p><strong>Rezensionen zur Kleist-Oper: \u00a0<a title=\"Presse Kleist Oper\" href=\"http:\/\/rainer-rubbert.de\/wordpress\/oper\/presse-kleist-oper\/\"><img loading=\"lazy\" decoding=\"async\" class=\"alignnone wp-image-397\" src=\"http:\/\/rainer-rubbert.de\/wordpress\/wp-content\/uploads\/2015\/02\/T.png\" alt=\"T\" width=\"18\" height=\"18\" \/><\/a><\/strong><\/p>\n<p><strong>Rezension zum Kleist\u00a0Projekt 2011: \u00a0<a title=\"Kleist Projekt 2011\" href=\"http:\/\/rainer-rubbert.de\/wordpress\/oper\/kleist-projekt-2011\/\"><img loading=\"lazy\" decoding=\"async\" class=\"alignnone wp-image-397\" src=\"http:\/\/rainer-rubbert.de\/wordpress\/wp-content\/uploads\/2015\/02\/T.png\" alt=\"T\" width=\"18\" height=\"18\" \/><\/a><\/strong><\/p>\n<p>&nbsp;<\/p>\n<p><a href=\"http:\/\/rainer-rubbert.de\/wordpress\/wp-content\/uploads\/2015\/02\/Kleist-Libretto.jpg\"><img loading=\"lazy\" decoding=\"async\" class=\"alignnone wp-image-974\" src=\"http:\/\/rainer-rubbert.de\/wordpress\/wp-content\/uploads\/2015\/02\/Kleist-Libretto-212x300.jpg\" alt=\"Kleist Libretto\" width=\"93\" height=\"132\" srcset=\"https:\/\/rainer-rubbert.de\/wordpress\/wp-content\/uploads\/2015\/02\/Kleist-Libretto-212x300.jpg 212w, https:\/\/rainer-rubbert.de\/wordpress\/wp-content\/uploads\/2015\/02\/Kleist-Libretto.jpg 247w\" sizes=\"(max-width: 93px) 100vw, 93px\" \/><\/a>\u00a0 \u00a0\u00a0<a href=\"http:\/\/rainer-rubbert.de\/wordpress\/wp-content\/uploads\/2015\/02\/Kleist-Klavierauszug.jpg\"><img loading=\"lazy\" decoding=\"async\" class=\"alignnone wp-image-978\" src=\"http:\/\/rainer-rubbert.de\/wordpress\/wp-content\/uploads\/2015\/02\/Kleist-Klavierauszug-212x300.jpg\" alt=\"Kleist Klavierauszug\" width=\"93\" height=\"131\" srcset=\"https:\/\/rainer-rubbert.de\/wordpress\/wp-content\/uploads\/2015\/02\/Kleist-Klavierauszug-212x300.jpg 212w, https:\/\/rainer-rubbert.de\/wordpress\/wp-content\/uploads\/2015\/02\/Kleist-Klavierauszug.jpg 247w\" sizes=\"(max-width: 93px) 100vw, 93px\" \/><\/a>\u00a0\u00a0\u00a0<a href=\"http:\/\/rainer-rubbert.de\/wordpress\/wp-content\/uploads\/2015\/02\/Kleist-Partitur.jpg\"><img loading=\"lazy\" decoding=\"async\" class=\"alignnone wp-image-977\" src=\"http:\/\/rainer-rubbert.de\/wordpress\/wp-content\/uploads\/2015\/02\/Kleist-Partitur-212x300.jpg\" alt=\"Kleist Partitur\" width=\"93\" height=\"132\" srcset=\"https:\/\/rainer-rubbert.de\/wordpress\/wp-content\/uploads\/2015\/02\/Kleist-Partitur-212x300.jpg 212w, https:\/\/rainer-rubbert.de\/wordpress\/wp-content\/uploads\/2015\/02\/Kleist-Partitur.jpg 247w\" sizes=\"(max-width: 93px) 100vw, 93px\" \/><\/a>\u00a0 \u00a0\u00a0<a href=\"http:\/\/rainer-rubbert.de\/wordpress\/wp-content\/uploads\/2015\/02\/kleist-cd.png\"><img loading=\"lazy\" decoding=\"async\" class=\"alignnone wp-image-121\" src=\"http:\/\/rainer-rubbert.de\/wordpress\/wp-content\/uploads\/2015\/02\/kleist-cd.png\" alt=\"kleist-cd\" width=\"156\" height=\"128\" \/><\/a><br \/>\n<strong>Libretto, Klavierauszug, Partitur\u00a0und CD\u00a0erh\u00e4ltlich bei:<\/strong><a href=\"http:\/\/shop.rieserler.de\/advanced_search_result.php?keywords=Kleist%20Oper\"> <strong>Ries &amp; Erler<\/strong><\/a><\/p>\n","protected":false},"excerpt":{"rendered":"<p>In den Jahre 2006 bis 2008 hatte ich das Gl\u00fcck, meine erste gro\u00dfe Oper Kleist schreiben zu d\u00fcrfen. Als Auftrag des Brandenburger Theaters, bzw. seines Intendanten Christian Kneisel hatte ich v\u00f6llige Freiheit, was den Stoff betraf. Einzige Bedingung war, dass sie mit Heinrich von Kleist zu tun haben sollte. Ich hatte nicht vor, eines seiner &hellip; <a href=\"https:\/\/rainer-rubbert.de\/wordpress\/oper\/\" class=\"more-link\"><span class=\"screen-reader-text\">Oper<\/span> weiterlesen <span class=\"meta-nav\">&rarr;<\/span><\/a><\/p>\n","protected":false},"author":1,"featured_media":0,"parent":0,"menu_order":0,"comment_status":"closed","ping_status":"open","template":"","meta":{"footnotes":""},"_links":{"self":[{"href":"https:\/\/rainer-rubbert.de\/wordpress\/wp-json\/wp\/v2\/pages\/45"}],"collection":[{"href":"https:\/\/rainer-rubbert.de\/wordpress\/wp-json\/wp\/v2\/pages"}],"about":[{"href":"https:\/\/rainer-rubbert.de\/wordpress\/wp-json\/wp\/v2\/types\/page"}],"author":[{"embeddable":true,"href":"https:\/\/rainer-rubbert.de\/wordpress\/wp-json\/wp\/v2\/users\/1"}],"replies":[{"embeddable":true,"href":"https:\/\/rainer-rubbert.de\/wordpress\/wp-json\/wp\/v2\/comments?post=45"}],"version-history":[{"count":52,"href":"https:\/\/rainer-rubbert.de\/wordpress\/wp-json\/wp\/v2\/pages\/45\/revisions"}],"predecessor-version":[{"id":1866,"href":"https:\/\/rainer-rubbert.de\/wordpress\/wp-json\/wp\/v2\/pages\/45\/revisions\/1866"}],"wp:attachment":[{"href":"https:\/\/rainer-rubbert.de\/wordpress\/wp-json\/wp\/v2\/media?parent=45"}],"curies":[{"name":"wp","href":"https:\/\/api.w.org\/{rel}","templated":true}]}}