{"id":111,"date":"2015-02-15T12:32:09","date_gmt":"2015-02-15T12:32:09","guid":{"rendered":"http:\/\/rainer-rubbert.de\/wordpress\/?page_id=111"},"modified":"2015-05-23T20:35:21","modified_gmt":"2015-05-23T20:35:21","slug":"diskographie","status":"publish","type":"page","link":"https:\/\/rainer-rubbert.de\/wordpress\/medien\/diskographie\/","title":{"rendered":"Diskographie"},"content":{"rendered":"<p><a href=\"http:\/\/rainer-rubbert.de\/wordpress\/wp-content\/uploads\/2015\/02\/Medusa-CD-Cover-neu.jpg\"><img loading=\"lazy\" decoding=\"async\" class=\"alignnone  wp-image-919\" src=\"http:\/\/rainer-rubbert.de\/wordpress\/wp-content\/uploads\/2015\/02\/Medusa-CD-Cover-neu.jpg\" alt=\"Medusa CD Cover neu\" width=\"101\" height=\"100\" srcset=\"https:\/\/rainer-rubbert.de\/wordpress\/wp-content\/uploads\/2015\/02\/Medusa-CD-Cover-neu.jpg 200w, https:\/\/rainer-rubbert.de\/wordpress\/wp-content\/uploads\/2015\/02\/Medusa-CD-Cover-neu-150x150.jpg 150w\" sizes=\"(max-width: 101px) 100vw, 101px\" \/><\/a><br \/>\n<strong>CD:<\/strong> Klaus Sch\u00f6pp, Fl\u00f6te: Cry of Medusa | kr 10053\/ LC 02555 |<br \/>\n<strong>Musik in 4 S\u00e4tzen <\/strong>f\u00fcr Fl\u00f6te allein<\/p>\n<p><a href=\"http:\/\/rainer-rubbert.de\/wordpress\/wp-content\/uploads\/2015\/02\/ensemble-berlin1.png\"><img loading=\"lazy\" decoding=\"async\" class=\"alignnone wp-image-112 \" src=\"http:\/\/rainer-rubbert.de\/wordpress\/wp-content\/uploads\/2015\/02\/ensemble-berlin1.png\" alt=\"ensemble-berlin1\" width=\"101\" height=\"102\" srcset=\"https:\/\/rainer-rubbert.de\/wordpress\/wp-content\/uploads\/2015\/02\/ensemble-berlin1.png 180w, https:\/\/rainer-rubbert.de\/wordpress\/wp-content\/uploads\/2015\/02\/ensemble-berlin1-150x150.png 150w\" sizes=\"(max-width: 101px) 100vw, 101px\" \/><br \/>\n<\/a><strong>CD:<\/strong> Universal-Ensemble | Largo 5116, LC 8934 |<br \/>\n<strong>Concertino<\/strong> f\u00fcr Alt-Saxophon in Es, Klavier, Schlagzeug und Streicher<\/p>\n<p><a href=\"http:\/\/rainer-rubbert.de\/wordpress\/wp-content\/uploads\/2015\/02\/ensemble-berlin.png\"><img loading=\"lazy\" decoding=\"async\" class=\"alignnone  wp-image-113\" src=\"http:\/\/rainer-rubbert.de\/wordpress\/wp-content\/uploads\/2015\/02\/ensemble-berlin.png\" alt=\"ensemble-berlin\" width=\"100\" height=\"99\" srcset=\"https:\/\/rainer-rubbert.de\/wordpress\/wp-content\/uploads\/2015\/02\/ensemble-berlin.png 180w, https:\/\/rainer-rubbert.de\/wordpress\/wp-content\/uploads\/2015\/02\/ensemble-berlin-150x150.png 150w\" sizes=\"(max-width: 100px) 100vw, 100px\" \/><\/a><br \/>\n<strong>CD:<\/strong> Ensemble UnitedBerlin | Edel-Records, LC 01738 |<br \/>\n<strong>Obstacle 1087<\/strong> f\u00fcr Violine, Tenorsax., Bassklarinette und Klavier<\/p>\n<p><a href=\"http:\/\/rainer-rubbert.de\/wordpress\/wp-content\/uploads\/2015\/02\/Metzenthin-CD-Cover-neu.jpg\"><img loading=\"lazy\" decoding=\"async\" class=\"alignnone  wp-image-920\" src=\"http:\/\/rainer-rubbert.de\/wordpress\/wp-content\/uploads\/2015\/02\/Metzenthin-CD-Cover-neu.jpg\" alt=\"Metzenthin CD Cover neu\" width=\"100\" height=\"100\" srcset=\"https:\/\/rainer-rubbert.de\/wordpress\/wp-content\/uploads\/2015\/02\/Metzenthin-CD-Cover-neu.jpg 200w, https:\/\/rainer-rubbert.de\/wordpress\/wp-content\/uploads\/2015\/02\/Metzenthin-CD-Cover-neu-150x150.jpg 150w\" sizes=\"(max-width: 100px) 100vw, 100px\" \/><\/a><br \/>\n<strong>CD:<\/strong> Brigitte Metzenthin | LUK 1121 |<br \/>\n<strong>Inside-Distortion<\/strong> f\u00fcr Klavier<\/p>\n<p><strong>CD:<\/strong> Ensemble Sax12 | Art + Image, PWC 2003 |<br \/>\n<strong>Albicoccodrillo<\/strong> f\u00fcr 12 Saxophone in drei Gruppen<\/p>\n<p><a href=\"http:\/\/rainer-rubbert.de\/wordpress\/wp-content\/uploads\/2015\/02\/sax-cd.png\"><img loading=\"lazy\" decoding=\"async\" class=\"alignnone  wp-image-118\" src=\"http:\/\/rainer-rubbert.de\/wordpress\/wp-content\/uploads\/2015\/02\/sax-cd.png\" alt=\"sax-cd\" width=\"100\" height=\"100\" srcset=\"https:\/\/rainer-rubbert.de\/wordpress\/wp-content\/uploads\/2015\/02\/sax-cd.png 180w, https:\/\/rainer-rubbert.de\/wordpress\/wp-content\/uploads\/2015\/02\/sax-cd-150x150.png 150w\" sizes=\"(max-width: 100px) 100vw, 100px\" \/><\/a><br \/>\n<strong>CD:<\/strong> Duo Blome-Lunte: Musik f\u00fcr Saxophon aus Berlin | EDA Records, EDA 029 |<br \/>\n<strong>deadline<\/strong> f\u00fcr Saxophon und Klavier<\/p>\n<p><a href=\"http:\/\/rainer-rubbert.de\/wordpress\/wp-content\/uploads\/2015\/02\/kleist-cd.png\"><img loading=\"lazy\" decoding=\"async\" class=\"alignnone  wp-image-121\" src=\"http:\/\/rainer-rubbert.de\/wordpress\/wp-content\/uploads\/2015\/02\/kleist-cd.png\" alt=\"kleist-cd\" width=\"114\" height=\"94\" \/><\/a><br \/>\n<strong>CD:<\/strong> <strong>Kleist Oper<\/strong> | Duophon | Bestellnr.:11 03 3 \u00fcber Ries &amp; Erler<\/p>\n<p><a href=\"http:\/\/rainer-rubbert.de\/wordpress\/wp-content\/uploads\/2015\/02\/hirschfeld-cd.png\"><img loading=\"lazy\" decoding=\"async\" class=\"alignnone  wp-image-122\" src=\"http:\/\/rainer-rubbert.de\/wordpress\/wp-content\/uploads\/2015\/02\/hirschfeld-cd.png\" alt=\"hirschfeld-cd\" width=\"104\" height=\"98\" \/><\/a><br \/>\n<strong>CD:<\/strong> C. Ren\u00e9 Hirschfeld \/ Sebastian Albert | Ragaprong, Nr. RG 2010-002 |<br \/>\n<strong>Philippe&#8217;s gone<\/strong> f\u00fcr Violine und pr\u00e4parierte Gitarre<\/p>\n<p><a href=\"http:\/\/rainer-rubbert.de\/wordpress\/wp-content\/uploads\/2015\/02\/bultmann-cd.png\"><img loading=\"lazy\" decoding=\"async\" class=\"alignnone  wp-image-123\" src=\"http:\/\/rainer-rubbert.de\/wordpress\/wp-content\/uploads\/2015\/02\/bultmann-cd.png\" alt=\"bultmann-cd\" width=\"100\" height=\"101\" srcset=\"https:\/\/rainer-rubbert.de\/wordpress\/wp-content\/uploads\/2015\/02\/bultmann-cd.png 180w, https:\/\/rainer-rubbert.de\/wordpress\/wp-content\/uploads\/2015\/02\/bultmann-cd-150x150.png 150w\" sizes=\"(max-width: 100px) 100vw, 100px\" \/><\/a><br \/>\n<strong>CD:<\/strong> Gaby Bultmann, Blockfl\u00f6ten | Hildegard von Bingen &#8211; medieval &amp; contemporary | Editio retropalco |<br \/>\n<strong>Musique pour d\u00e9courager les rossignols<\/strong> f\u00fcr Altblockfl\u00f6te solo<\/p>\n<p><a href=\"http:\/\/rainer-rubbert.de\/wordpress\/wp-content\/uploads\/2015\/02\/TAG-CD-Cover-neu.jpg\"><img loading=\"lazy\" decoding=\"async\" class=\"alignnone  wp-image-921\" src=\"http:\/\/rainer-rubbert.de\/wordpress\/wp-content\/uploads\/2015\/02\/TAG-CD-Cover-neu.jpg\" alt=\"TAG CD Cover neu\" width=\"111\" height=\"97\" \/><\/a><br \/>\n<strong>CD:<\/strong> Ensemble TaG | SRF 2013 |<br \/>\n<strong>Suburban Cants \u2013 Nachtst\u00fcck<\/strong><\/p>\n<p><a href=\"http:\/\/rainer-rubbert.de\/wordpress\/wp-content\/uploads\/2015\/02\/Guardini-CD-cover-neu.jpg\"><img loading=\"lazy\" decoding=\"async\" class=\"alignnone  wp-image-918\" src=\"http:\/\/rainer-rubbert.de\/wordpress\/wp-content\/uploads\/2015\/02\/Guardini-CD-cover-neu.jpg\" alt=\"Guardini CD cover neu\" width=\"102\" height=\"100\" \/><\/a><br \/>\n<strong>CD\/DVD:<\/strong>\u00a0| profile D-CD0126|D-VD0126 | Guardini-Stiftung |<br \/>\n<strong>Das 1. Gebot<\/strong>\u00a0f\u00fcr Tenor, Bariton, Violoncello und Orgel<\/p>\n<p><a href=\"http:\/\/rainer-rubbert.de\/wordpress\/wp-content\/uploads\/2015\/03\/Cover-CD-Essential.jpg\"><img loading=\"lazy\" decoding=\"async\" class=\"alignnone  wp-image-1294\" src=\"http:\/\/rainer-rubbert.de\/wordpress\/wp-content\/uploads\/2015\/03\/Cover-CD-Essential-300x300.jpg\" alt=\"Cover CD Essential\" width=\"100\" height=\"100\" srcset=\"https:\/\/rainer-rubbert.de\/wordpress\/wp-content\/uploads\/2015\/03\/Cover-CD-Essential-300x300.jpg 300w, https:\/\/rainer-rubbert.de\/wordpress\/wp-content\/uploads\/2015\/03\/Cover-CD-Essential-150x150.jpg 150w, https:\/\/rainer-rubbert.de\/wordpress\/wp-content\/uploads\/2015\/03\/Cover-CD-Essential.jpg 400w\" sizes=\"(max-width: 100px) 100vw, 100px\" \/><br \/>\n<span style=\"color: #000000;\"><strong>CD:<\/strong>\u00a0Music from a Parallel World | Duo Porto &#8211; Frontini<\/span><br \/>\n<span style=\"color: #000000;\"><strong>Essential <\/strong>f\u00fcr Klavier 4-hdg.<\/span><br \/>\n<\/a><\/p>\n","protected":false},"excerpt":{"rendered":"<p>CD: Klaus Sch\u00f6pp, Fl\u00f6te: Cry of Medusa | kr 10053\/ LC 02555 | Musik in 4 S\u00e4tzen f\u00fcr Fl\u00f6te allein CD: Universal-Ensemble | Largo 5116, LC 8934 | Concertino f\u00fcr Alt-Saxophon in Es, Klavier, Schlagzeug und Streicher CD: Ensemble UnitedBerlin | Edel-Records, LC 01738 | Obstacle 1087 f\u00fcr Violine, Tenorsax., Bassklarinette und Klavier CD: Brigitte &hellip; <a href=\"https:\/\/rainer-rubbert.de\/wordpress\/medien\/diskographie\/\" class=\"more-link\"><span class=\"screen-reader-text\">Diskographie<\/span> weiterlesen <span class=\"meta-nav\">&rarr;<\/span><\/a><\/p>\n","protected":false},"author":1,"featured_media":0,"parent":39,"menu_order":0,"comment_status":"closed","ping_status":"open","template":"","meta":{"footnotes":""},"_links":{"self":[{"href":"https:\/\/rainer-rubbert.de\/wordpress\/wp-json\/wp\/v2\/pages\/111"}],"collection":[{"href":"https:\/\/rainer-rubbert.de\/wordpress\/wp-json\/wp\/v2\/pages"}],"about":[{"href":"https:\/\/rainer-rubbert.de\/wordpress\/wp-json\/wp\/v2\/types\/page"}],"author":[{"embeddable":true,"href":"https:\/\/rainer-rubbert.de\/wordpress\/wp-json\/wp\/v2\/users\/1"}],"replies":[{"embeddable":true,"href":"https:\/\/rainer-rubbert.de\/wordpress\/wp-json\/wp\/v2\/comments?post=111"}],"version-history":[{"count":10,"href":"https:\/\/rainer-rubbert.de\/wordpress\/wp-json\/wp\/v2\/pages\/111\/revisions"}],"predecessor-version":[{"id":1296,"href":"https:\/\/rainer-rubbert.de\/wordpress\/wp-json\/wp\/v2\/pages\/111\/revisions\/1296"}],"up":[{"embeddable":true,"href":"https:\/\/rainer-rubbert.de\/wordpress\/wp-json\/wp\/v2\/pages\/39"}],"wp:attachment":[{"href":"https:\/\/rainer-rubbert.de\/wordpress\/wp-json\/wp\/v2\/media?parent=111"}],"curies":[{"name":"wp","href":"https:\/\/api.w.org\/{rel}","templated":true}]}}